{"id":2728,"date":"2020-02-19T10:06:45","date_gmt":"2020-02-19T14:06:45","guid":{"rendered":"https:\/\/cloverfileve.com\/news\/"},"modified":"2023-03-08T13:30:12","modified_gmt":"2023-03-08T17:30:12","slug":"news","status":"publish","type":"page","link":"https:\/\/cloverfileve.com\/en\/news\/","title":{"rendered":"+For You"},"content":{"rendered":"\t\t<div data-elementor-type=\"wp-page\" data-elementor-id=\"2728\" class=\"elementor elementor-2728 elementor-176\" data-elementor-post-type=\"page\">\n\t\t\t\t\t\t<section class=\"elementor-section elementor-top-section elementor-element elementor-element-54bb60fc elementor-section-stretched parallax_section_holder elementor-section-boxed elementor-section-height-default elementor-section-height-default qode_elementor_container_no\" data-id=\"54bb60fc\" data-element_type=\"section\" data-settings=\"{&quot;stretch_section&quot;:&quot;section-stretched&quot;,&quot;background_background&quot;:&quot;classic&quot;,&quot;qode_parallax_image&quot;:{&quot;url&quot;:&quot;&quot;,&quot;id&quot;:&quot;&quot;,&quot;size&quot;:&quot;&quot;,&quot;alt&quot;:&quot;&quot;,&quot;source&quot;:&quot;library&quot;}}\">\n\t\t\t\t\t\t<div class=\"elementor-container elementor-column-gap-default\">\n\t\t\t\t\t<div class=\"elementor-column elementor-col-100 elementor-top-column elementor-element elementor-element-3a81332a\" data-id=\"3a81332a\" data-element_type=\"column\">\n\t\t\t<div class=\"elementor-widget-wrap elementor-element-populated\">\n\t\t\t\t\t\t<div class=\"elementor-element elementor-element-4754560 elementor-widget elementor-widget-spacer\" data-id=\"4754560\" data-element_type=\"widget\" data-widget_type=\"spacer.default\">\n\t\t\t\t<div class=\"elementor-widget-container\">\n\t\t\t\t\t\t\t<div class=\"elementor-spacer\">\n\t\t\t<div class=\"elementor-spacer-inner\"><\/div>\n\t\t<\/div>\n\t\t\t\t\t\t<\/div>\n\t\t\t\t<\/div>\n\t\t\t\t<div class=\"elementor-element elementor-element-213592e5 elementor-widget elementor-widget-heading\" data-id=\"213592e5\" data-element_type=\"widget\" data-widget_type=\"heading.default\">\n\t\t\t\t<div class=\"elementor-widget-container\">\n\t\t\t\t\t<h2 class=\"elementor-heading-title elementor-size-default\">+For You<\/h2>\t\t\t\t<\/div>\n\t\t\t\t<\/div>\n\t\t\t\t<div class=\"elementor-element elementor-element-3ef9bc7 elementor-widget elementor-widget-spacer\" data-id=\"3ef9bc7\" data-element_type=\"widget\" data-widget_type=\"spacer.default\">\n\t\t\t\t<div class=\"elementor-widget-container\">\n\t\t\t\t\t\t\t<div class=\"elementor-spacer\">\n\t\t\t<div class=\"elementor-spacer-inner\"><\/div>\n\t\t<\/div>\n\t\t\t\t\t\t<\/div>\n\t\t\t\t<\/div>\n\t\t\t\t\t<\/div>\n\t\t<\/div>\n\t\t\t\t\t<\/div>\n\t\t<\/section>\n\t\t\t\t<section class=\"elementor-section elementor-top-section elementor-element elementor-element-242d6f1f qode_elementor_container_inner elementor-section-boxed elementor-section-height-default elementor-section-height-default parallax_section_no\" data-id=\"242d6f1f\" data-element_type=\"section\">\n\t\t\t\t\t\t<div class=\"elementor-container elementor-column-gap-default\">\n\t\t\t\t\t<div class=\"elementor-column elementor-col-100 elementor-top-column elementor-element elementor-element-1eb90a0\" data-id=\"1eb90a0\" data-element_type=\"column\">\n\t\t\t<div class=\"elementor-widget-wrap elementor-element-populated\">\n\t\t\t\t\t\t<div class=\"elementor-element elementor-element-59e5a9cb elementor-widget elementor-widget-spacer\" data-id=\"59e5a9cb\" data-element_type=\"widget\" data-widget_type=\"spacer.default\">\n\t\t\t\t<div class=\"elementor-widget-container\">\n\t\t\t\t\t\t\t<div class=\"elementor-spacer\">\n\t\t\t<div class=\"elementor-spacer-inner\"><\/div>\n\t\t<\/div>\n\t\t\t\t\t\t<\/div>\n\t\t\t\t<\/div>\n\t\t\t\t<div class=\"elementor-element elementor-element-15a23bd8 elementor-widget elementor-widget-bridge_latest_posts\" data-id=\"15a23bd8\" data-element_type=\"widget\" data-widget_type=\"bridge_latest_posts.default\">\n\t\t\t\t<div class=\"elementor-widget-container\">\n\t\t\t\t\t\n<div class='latest_post_holder boxes three_columns three_rows' >\n    <ul>\n    \n        <li class=\"clearfix\">\n            <div class=\"boxes_image\">\n                                <a itemprop=\"url\" href=\"https:\/\/cloverfileve.com\/en\/sin-categorizar\/seguridad-en-la-nube-pilar-para-un-servicio-integral-y-efectivo\/\"><img fetchpriority=\"high\" decoding=\"async\" width=\"1000\" height=\"563\" src=\"https:\/\/cloverfileve.com\/wp-content\/uploads\/2022\/02\/informationsecurity.png\" class=\"attachment-full size-full wp-post-image\" alt=\"\" srcset=\"https:\/\/cloverfileve.com\/wp-content\/uploads\/2022\/02\/informationsecurity.png 1000w, https:\/\/cloverfileve.com\/wp-content\/uploads\/2022\/02\/informationsecurity-300x169.png 300w, https:\/\/cloverfileve.com\/wp-content\/uploads\/2022\/02\/informationsecurity-768x432.png 768w, https:\/\/cloverfileve.com\/wp-content\/uploads\/2022\/02\/informationsecurity-700x394.png 700w, https:\/\/cloverfileve.com\/wp-content\/uploads\/2022\/02\/informationsecurity-539x303.png 539w, https:\/\/cloverfileve.com\/wp-content\/uploads\/2022\/02\/informationsecurity-600x338.png 600w\" sizes=\"(max-width: 1000px) 100vw, 1000px\" \/><\/a>\n            <\/div>\n            <div class=\"latest_post\"  >\n                <div class=\"latest_post_text\">\n                    <div class=\"latest_post_inner\">\n                        <div class=\"latest_post_text_inner\">\n                            <h4 itemprop=\"name\" class=\"latest_post_title entry_title\"><a itemprop=\"url\" href=\"https:\/\/cloverfileve.com\/en\/sin-categorizar\/seguridad-en-la-nube-pilar-para-un-servicio-integral-y-efectivo\/\">Cloud Security, Pillar for Comprehensive and Effective Service<\/a><\/h4>\n                            <p class=\"excerpt\">Cloud computing technology allows you to access all your information at any time and from any device, without worrying about ...<\/p>\n                            <span class=\"post_infos\">\n                                                                    <span class=\"date_hour_holder\">\n                                        <span itemprop=\"dateCreated\" class=\"date entry_date updated\">10 February, 2022 <meta itemprop=\"interactionCount\" content=\"UserComments: 0\"\/><\/span>\n                                    <\/span>\n                                                                                                \n                                \n                                                            <\/span>\n                        <\/div>\n                    <\/div>\n                <\/div>\n            <\/div>\n        <\/li>\n    \n        <li class=\"clearfix\">\n            <div class=\"boxes_image\">\n                                <a itemprop=\"url\" href=\"https:\/\/cloverfileve.com\/en\/sin-categorizar\/en-que-consiste-la-wms-la-herramienta-basica-de-trabajo-en-almacenes\/\"><img decoding=\"async\" width=\"750\" height=\"499\" src=\"https:\/\/cloverfileve.com\/wp-content\/uploads\/2022\/02\/image.jpg\" class=\"attachment-full size-full wp-post-image\" alt=\"\" srcset=\"https:\/\/cloverfileve.com\/wp-content\/uploads\/2022\/02\/image.jpg 750w, https:\/\/cloverfileve.com\/wp-content\/uploads\/2022\/02\/image-300x200.jpg 300w, https:\/\/cloverfileve.com\/wp-content\/uploads\/2022\/02\/image-700x466.jpg 700w, https:\/\/cloverfileve.com\/wp-content\/uploads\/2022\/02\/image-600x399.jpg 600w\" sizes=\"(max-width: 750px) 100vw, 750px\" \/><\/a>\n            <\/div>\n            <div class=\"latest_post\"  >\n                <div class=\"latest_post_text\">\n                    <div class=\"latest_post_inner\">\n                        <div class=\"latest_post_text_inner\">\n                            <h4 itemprop=\"name\" class=\"latest_post_title entry_title\"><a itemprop=\"url\" href=\"https:\/\/cloverfileve.com\/en\/sin-categorizar\/en-que-consiste-la-wms-la-herramienta-basica-de-trabajo-en-almacenes\/\">What is WMS, the basic tool for work in warehouses?<\/a><\/h4>\n                            <p class=\"excerpt\">A Warehouse Management System (WMS) is a software application that supports a warehouse&#8217;s daily operations. WMS program...<\/p>\n                            <span class=\"post_infos\">\n                                                                    <span class=\"date_hour_holder\">\n                                        <span itemprop=\"dateCreated\" class=\"date entry_date updated\">10 February, 2022 <meta itemprop=\"interactionCount\" content=\"UserComments: 0\"\/><\/span>\n                                    <\/span>\n                                                                                                \n                                \n                                                            <\/span>\n                        <\/div>\n                    <\/div>\n                <\/div>\n            <\/div>\n        <\/li>\n    \n        <li class=\"clearfix\">\n            <div class=\"boxes_image\">\n                                <a itemprop=\"url\" href=\"https:\/\/cloverfileve.com\/en\/sin-categorizar\/es-la-nube-la-mejor-solucion-para-el-almacenamiento-de-archivos-digitales\/\"><img decoding=\"async\" width=\"750\" height=\"502\" src=\"https:\/\/cloverfileve.com\/wp-content\/uploads\/2022\/02\/vaba-1.jpg\" class=\"attachment-full size-full wp-post-image\" alt=\"\" srcset=\"https:\/\/cloverfileve.com\/wp-content\/uploads\/2022\/02\/vaba-1.jpg 750w, https:\/\/cloverfileve.com\/wp-content\/uploads\/2022\/02\/vaba-1-300x201.jpg 300w, https:\/\/cloverfileve.com\/wp-content\/uploads\/2022\/02\/vaba-1-700x469.jpg 700w, https:\/\/cloverfileve.com\/wp-content\/uploads\/2022\/02\/vaba-1-600x402.jpg 600w\" sizes=\"(max-width: 750px) 100vw, 750px\" \/><\/a>\n            <\/div>\n            <div class=\"latest_post\"  >\n                <div class=\"latest_post_text\">\n                    <div class=\"latest_post_inner\">\n                        <div class=\"latest_post_text_inner\">\n                            <h4 itemprop=\"name\" class=\"latest_post_title entry_title\"><a itemprop=\"url\" href=\"https:\/\/cloverfileve.com\/en\/sin-categorizar\/es-la-nube-la-mejor-solucion-para-el-almacenamiento-de-archivos-digitales\/\">Is the cloud the best solution for storing digital files?<\/a><\/h4>\n                            <p class=\"excerpt\">But beyond these cases, the most recent one, which does not involve the interruption of server functionality, has highlighted...<\/p>\n                            <span class=\"post_infos\">\n                                                                    <span class=\"date_hour_holder\">\n                                        <span itemprop=\"dateCreated\" class=\"date entry_date updated\">09 February, 2022 <meta itemprop=\"interactionCount\" content=\"UserComments: 0\"\/><\/span>\n                                    <\/span>\n                                                                                                \n                                \n                                                            <\/span>\n                        <\/div>\n                    <\/div>\n                <\/div>\n            <\/div>\n        <\/li>\n    \n        <li class=\"clearfix\">\n            <div class=\"boxes_image\">\n                                <a itemprop=\"url\" href=\"https:\/\/cloverfileve.com\/en\/blog-en\/la-transformacion-hacia-la-digitalizacion-documental-retos-y-beneficios\/\"><img loading=\"lazy\" decoding=\"async\" width=\"750\" height=\"502\" src=\"https:\/\/cloverfileve.com\/wp-content\/uploads\/2020\/02\/Transformacion-Digitalizacion-Clover-Documentos-Gestion.jpg\" class=\"attachment-full size-full wp-post-image\" alt=\"\" srcset=\"https:\/\/cloverfileve.com\/wp-content\/uploads\/2020\/02\/Transformacion-Digitalizacion-Clover-Documentos-Gestion.jpg 750w, https:\/\/cloverfileve.com\/wp-content\/uploads\/2020\/02\/Transformacion-Digitalizacion-Clover-Documentos-Gestion-300x201.jpg 300w, https:\/\/cloverfileve.com\/wp-content\/uploads\/2020\/02\/Transformacion-Digitalizacion-Clover-Documentos-Gestion-700x469.jpg 700w, https:\/\/cloverfileve.com\/wp-content\/uploads\/2020\/02\/Transformacion-Digitalizacion-Clover-Documentos-Gestion-600x402.jpg 600w\" sizes=\"(max-width: 750px) 100vw, 750px\" \/><\/a>\n            <\/div>\n            <div class=\"latest_post\"  >\n                <div class=\"latest_post_text\">\n                    <div class=\"latest_post_inner\">\n                        <div class=\"latest_post_text_inner\">\n                            <h4 itemprop=\"name\" class=\"latest_post_title entry_title\"><a itemprop=\"url\" href=\"https:\/\/cloverfileve.com\/en\/blog-en\/la-transformacion-hacia-la-digitalizacion-documental-retos-y-beneficios\/\">The transformation towards document digitization: Challenges and Benefits<\/a><\/h4>\n                            <p class=\"excerpt\">Lorem ipsum dolor sit amet, sed erant similique forensibus no, eam suas enim forensibus et. Est no dolore malorum conclusione...<\/p>\n                            <span class=\"post_infos\">\n                                                                    <span class=\"date_hour_holder\">\n                                        <span itemprop=\"dateCreated\" class=\"date entry_date updated\">18 February, 2020 <meta itemprop=\"interactionCount\" content=\"UserComments: 0\"\/><\/span>\n                                    <\/span>\n                                                                                                \n                                \n                                                            <\/span>\n                        <\/div>\n                    <\/div>\n                <\/div>\n            <\/div>\n        <\/li>\n        <\/ul>\n<\/div>\t\t\t\t<\/div>\n\t\t\t\t<\/div>\n\t\t\t\t\t<\/div>\n\t\t<\/div>\n\t\t\t\t\t<\/div>\n\t\t<\/section>\n\t\t\t\t<section class=\"elementor-section elementor-top-section elementor-element elementor-element-7c6a626b elementor-section-boxed elementor-section-height-default elementor-section-height-default parallax_section_no qode_elementor_container_no\" data-id=\"7c6a626b\" data-element_type=\"section\">\n\t\t\t\t\t\t<div class=\"elementor-container elementor-column-gap-default\">\n\t\t\t\t\t<div class=\"elementor-column elementor-col-100 elementor-top-column elementor-element elementor-element-a9f9226\" data-id=\"a9f9226\" data-element_type=\"column\">\n\t\t\t<div class=\"elementor-widget-wrap elementor-element-populated\">\n\t\t\t\t\t\t<div class=\"elementor-element elementor-element-2f400fd8 elementor-shape-circle elementor-grid-0 e-grid-align-center elementor-widget elementor-widget-social-icons\" data-id=\"2f400fd8\" data-element_type=\"widget\" data-widget_type=\"social-icons.default\">\n\t\t\t\t<div class=\"elementor-widget-container\">\n\t\t\t\t\t\t\t<div class=\"elementor-social-icons-wrapper elementor-grid\" role=\"list\">\n\t\t\t\t\t\t\t<span class=\"elementor-grid-item\" role=\"listitem\">\n\t\t\t\t\t<a class=\"elementor-icon elementor-social-icon elementor-social-icon-facebook elementor-repeater-item-73216dc\" href=\"https:\/\/www.facebook.com\/Cloverfilevzla-532012547715122%20%20%20\" target=\"_blank\">\n\t\t\t\t\t\t<span class=\"elementor-screen-only\">Facebook<\/span>\n\t\t\t\t\t\t<i aria-hidden=\"true\" class=\"fab fa-facebook\"><\/i>\t\t\t\t\t<\/a>\n\t\t\t\t<\/span>\n\t\t\t\t\t\t\t<span class=\"elementor-grid-item\" role=\"listitem\">\n\t\t\t\t\t<a class=\"elementor-icon elementor-social-icon elementor-social-icon-instagram elementor-repeater-item-d2fa41e\" href=\"https:\/\/www.instagram.com\/cloverfilevzla\/\" target=\"_blank\">\n\t\t\t\t\t\t<span class=\"elementor-screen-only\">Instagram<\/span>\n\t\t\t\t\t\t<i aria-hidden=\"true\" class=\"fab fa-instagram\"><\/i>\t\t\t\t\t<\/a>\n\t\t\t\t<\/span>\n\t\t\t\t\t\t\t<span class=\"elementor-grid-item\" role=\"listitem\">\n\t\t\t\t\t<a class=\"elementor-icon elementor-social-icon elementor-social-icon-linkedin elementor-repeater-item-e83a929\" href=\"https:\/\/www.linkedin.com\/company\/clover-file\/\" target=\"_blank\">\n\t\t\t\t\t\t<span class=\"elementor-screen-only\">Linkedin<\/span>\n\t\t\t\t\t\t<i aria-hidden=\"true\" class=\"fab fa-linkedin\"><\/i>\t\t\t\t\t<\/a>\n\t\t\t\t<\/span>\n\t\t\t\t\t<\/div>\n\t\t\t\t\t\t<\/div>\n\t\t\t\t<\/div>\n\t\t\t\t<div class=\"elementor-element elementor-element-afdfcb5 elementor-widget elementor-widget-spacer\" data-id=\"afdfcb5\" data-element_type=\"widget\" data-widget_type=\"spacer.default\">\n\t\t\t\t<div class=\"elementor-widget-container\">\n\t\t\t\t\t\t\t<div class=\"elementor-spacer\">\n\t\t\t<div class=\"elementor-spacer-inner\"><\/div>\n\t\t<\/div>\n\t\t\t\t\t\t<\/div>\n\t\t\t\t<\/div>\n\t\t\t\t\t<\/div>\n\t\t<\/div>\n\t\t\t\t\t<\/div>\n\t\t<\/section>\n\t\t\t\t<\/div>\n\t\t","protected":false},"excerpt":{"rendered":"<p>+For You Conoce las ventajas de la digitalizaci\u00f3n de documentos empresariales Aparte de transformar la forma c\u00f3mo nos comunicamos, los avances tecnol\u00f3gicos tambi\u00e9n influyen en nuestra manera de administr&#8230; 10 febrero, 2022 Seguridad en la nube, pilar para un servicio integral y efectivo La tecnolog\u00eda&#8230;<\/p>\n","protected":false},"author":1,"featured_media":0,"parent":0,"menu_order":0,"comment_status":"closed","ping_status":"closed","template":"","meta":{"_joinchat":[],"footnotes":""},"class_list":["post-2728","page","type-page","status-publish","hentry"],"_links":{"self":[{"href":"https:\/\/cloverfileve.com\/en\/wp-json\/wp\/v2\/pages\/2728","targetHints":{"allow":["GET"]}}],"collection":[{"href":"https:\/\/cloverfileve.com\/en\/wp-json\/wp\/v2\/pages"}],"about":[{"href":"https:\/\/cloverfileve.com\/en\/wp-json\/wp\/v2\/types\/page"}],"author":[{"embeddable":true,"href":"https:\/\/cloverfileve.com\/en\/wp-json\/wp\/v2\/users\/1"}],"replies":[{"embeddable":true,"href":"https:\/\/cloverfileve.com\/en\/wp-json\/wp\/v2\/comments?post=2728"}],"version-history":[{"count":3,"href":"https:\/\/cloverfileve.com\/en\/wp-json\/wp\/v2\/pages\/2728\/revisions"}],"predecessor-version":[{"id":2775,"href":"https:\/\/cloverfileve.com\/en\/wp-json\/wp\/v2\/pages\/2728\/revisions\/2775"}],"wp:attachment":[{"href":"https:\/\/cloverfileve.com\/en\/wp-json\/wp\/v2\/media?parent=2728"}],"curies":[{"name":"wp","href":"https:\/\/api.w.org\/{rel}","templated":true}]}}